{"id":6106,"date":"2025-01-05T17:50:48","date_gmt":"2025-01-05T16:50:48","guid":{"rendered":"https:\/\/chelmikowski.it\/?page_id=6106"},"modified":"2025-01-05T20:11:09","modified_gmt":"2025-01-05T19:11:09","slug":"newsletter","status":"publish","type":"page","link":"https:\/\/chelmikowski.it\/pl\/newsletter\/","title":{"rendered":"Newsletter"},"content":{"rendered":"<div data-elementor-type=\"wp-page\" data-elementor-id=\"6106\" class=\"elementor elementor-6106\" data-elementor-post-type=\"page\">\n\t\t\t\t<div class=\"elementor-element elementor-element-b4ae6d5 e-flex e-con-boxed e-con e-parent\" data-id=\"b4ae6d5\" data-element_type=\"container\" data-e-type=\"container\" data-settings=\"{&quot;background_background&quot;:&quot;video&quot;,&quot;jet_parallax_layout_list&quot;:[],&quot;background_video_link&quot;:&quot;https:\\\/\\\/chelmikowski.it\\\/pl\\\/ai\\\/&quot;}\">\n\t\t\t\t\t<div class=\"e-con-inner\">\n\t\t<div class=\"elementor-background-video-container elementor-hidden-mobile\">\n\t\t\t\t\t\t\t<video class=\"elementor-background-video-hosted\" role=\"presentation\" autoplay muted playsinline loop><\/video>\n\t\t\t\t\t<\/div>\t\t<div class=\"elementor-element elementor-element-92636e4 elementor-widget elementor-widget-heading\" data-id=\"92636e4\" data-element_type=\"widget\" data-e-type=\"widget\" data-widget_type=\"heading.default\">\n\t\t\t\t<div class=\"elementor-widget-container\">\n\t\t\t\t\t<h2 class=\"elementor-heading-title elementor-size-default\">Jedyny newsletter, kt\u00f3rego potrzebujesz, aby rozwin\u0105\u0107 sw\u00f3j biznes online \ud83d\ude80<\/h2>\t\t\t\t<\/div>\n\t\t\t\t<\/div>\n\t\t\t\t<div class=\"elementor-element elementor-element-b607229 elementor-headline--style-highlight elementor-widget elementor-widget-animated-headline\" data-id=\"b607229\" data-element_type=\"widget\" data-e-type=\"widget\" data-settings=\"{&quot;highlighted_text&quot;:&quot;Websites&quot;,&quot;headline_style&quot;:&quot;highlight&quot;,&quot;marker&quot;:&quot;circle&quot;,&quot;loop&quot;:&quot;yes&quot;,&quot;highlight_animation_duration&quot;:1200,&quot;highlight_iteration_delay&quot;:8000}\" data-widget_type=\"animated-headline.default\">\n\t\t\t\t<div class=\"elementor-widget-container\">\n\t\t\t\t\t\t\t<h2 class=\"elementor-headline\">\n\t\t\t\t\t<span class=\"elementor-headline-plain-text elementor-headline-text-wrapper\">Sztuczna inteligencja | Technologia | <\/span>\n\t\t\t\t<span class=\"elementor-headline-dynamic-wrapper elementor-headline-text-wrapper\">\n\t\t\t\t\t<span class=\"elementor-headline-dynamic-text elementor-headline-text-active\">Strony internetowe<\/span>\n\t\t\t\t<\/span>\n\t\t\t\t<\/h2>\n\t\t\t\t\t\t<\/div>\n\t\t\t\t<\/div>\n\t\t\t\t<div class=\"elementor-element elementor-element-71a0a32 elementor-widget__width-initial elementor-invisible elementor-widget elementor-widget-shortcode\" data-id=\"71a0a32\" data-element_type=\"widget\" data-e-type=\"widget\" data-settings=\"{&quot;_animation&quot;:&quot;fadeIn&quot;}\" data-widget_type=\"shortcode.default\">\n\t\t\t\t<div class=\"elementor-widget-container\">\n\t\t\t\t\t\t\t<div class=\"elementor-shortcode\">\n\t<div class=\"ct-newsletter-subscribe-shortcode\">\n\t\t\n\t\t\n\t\t<form target=\"_blank\" action=\"#\" method=\"post\"\n\t\t\tdata-provider=\"mailerlite:140722249793537360\"\n\t\t\tclass=\"ct-newsletter-subscribe-form\" data-trp-original-action=\"#\"\n\t\t\t>\n\n\t\t\t<div\n\t\t\t\tclass=\"ct-newsletter-subscribe-form-elements\" data-columns=\"2\">\n\t\t\t\t\n\t\t\t\t<input type=\"email\" name=\"EMAIL\" placeholder=\"Tw\u00f3j adres e-mail *\" aria-label=\"Adres e-mail\" required>\n\n\t\t\t\t<button class=\"wp-element-button\">\n\t\t\t\t\tSubskrybuj\t\t\t\t<\/button>\n\t\t\t<\/div>\n\n\t\t\t\n\t\t\t<div class=\"ct-newsletter-subscribe-message\"><\/div>\n\t\t<input type=\"hidden\" name=\"trp-form-language\" value=\"pl\"\/><\/form>\n\n\t<\/div>\n\n\t\n<\/div>\n\t\t\t\t\t\t<\/div>\n\t\t\t\t<\/div>\n\t\t\t\t<div class=\"elementor-element elementor-element-2fc1651 elementor-widget elementor-widget-heading\" data-id=\"2fc1651\" data-element_type=\"widget\" data-e-type=\"widget\" data-widget_type=\"heading.default\">\n\t\t\t\t<div class=\"elementor-widget-container\">\n\t\t\t\t\t<h3 class=\"elementor-heading-title elementor-size-default\">Odblokuj cyfrow\u0105 wiedz\u0119<\/h3>\t\t\t\t<\/div>\n\t\t\t\t<\/div>\n\t\t\t\t<div class=\"elementor-element elementor-element-c4114ad elementor-widget elementor-widget-text-editor\" data-id=\"c4114ad\" data-element_type=\"widget\" data-e-type=\"widget\" data-widget_type=\"text-editor.default\">\n\t\t\t\t<div class=\"elementor-widget-container\">\n\t\t\t\t\t\t\t\t\t<p><strong>Jeden<\/strong> e-mail miesi\u0119cznie<\/p>\t\t\t\t\t\t\t\t<\/div>\n\t\t\t\t<\/div>\n\t\t\t\t<div class=\"elementor-element elementor-element-883d628 elementor-widget elementor-widget-text-editor\" data-id=\"883d628\" data-element_type=\"widget\" data-e-type=\"widget\" data-widget_type=\"text-editor.default\">\n\t\t\t\t<div class=\"elementor-widget-container\">\n\t\t\t\t\t\t\t\t\t<p>Klikaj\u0105c \u201eSubskrybuj\u201d, wyra\u017cam ch\u0119\u0107 zapisania si\u0119 do newslettera, aby otrzymywa\u0107 informacje marketingowe o promocjach, kodach rabatowych i najnowszych produktach sklepu. Rozumiem, \u017ce mog\u0119 wycofa\u0107 swoj\u0105 zgod\u0119 w dowolnym momencie.<\/p>\t\t\t\t\t\t\t\t<\/div>\n\t\t\t\t<\/div>\n\t\t\t\t\t<\/div>\n\t\t\t\t<\/div>\n\t\t\t\t<\/div>","protected":false},"excerpt":{"rendered":"<p>The only newsletter you need to grow your online business \ud83d\ude80 AI | Technology | Websites Unlock the Digital Knowledge One email per month By clicking &#8220;Subscribe,&#8221; I express my willingness to subscribe to the newsletter to receive marketing information about promotions, discount codes, and the store&#8217;s latest products. I understand that I can withdraw [&hellip;]<\/p>\n","protected":false},"author":1,"featured_media":0,"parent":0,"menu_order":11,"comment_status":"closed","ping_status":"closed","template":"","meta":{"inline_featured_image":false,"footnotes":""},"class_list":["post-6106","page","type-page","status-publish","hentry"],"blocksy_meta":[],"yoast_head":"<!-- This site is optimized with the Yoast SEO plugin v27.3 - https:\/\/yoast.com\/product\/yoast-seo-wordpress\/ -->\n<title>Newsletter - Websites &amp; E-commerce | Poznan | chelmikowski.it<\/title>\n<meta name=\"robots\" content=\"index, follow, max-snippet:-1, max-image-preview:large, max-video-preview:-1\" \/>\n<link rel=\"canonical\" href=\"https:\/\/chelmikowski.it\/pl\/newsletter\/\" \/>\n<meta property=\"og:locale\" content=\"pl_PL\" \/>\n<meta property=\"og:type\" content=\"article\" \/>\n<meta property=\"og:title\" content=\"Newsletter - Websites &amp; E-commerce | Poznan | chelmikowski.it\" \/>\n<meta property=\"og:description\" content=\"The only newsletter you need to grow your online business \ud83d\ude80 AI | Technology | Websites Unlock the Digital Knowledge One email per month By clicking &#8220;Subscribe,&#8221; I express my willingness to subscribe to the newsletter to receive marketing information about promotions, discount codes, and the store&#8217;s latest products. I understand that I can withdraw [&hellip;]\" \/>\n<meta property=\"og:url\" content=\"https:\/\/chelmikowski.it\/pl\/newsletter\/\" \/>\n<meta property=\"og:site_name\" content=\"Websites &amp; E-commerce | Poznan | chelmikowski.it\" \/>\n<meta property=\"article:modified_time\" content=\"2025-01-05T19:11:09+00:00\" \/>\n<meta name=\"twitter:card\" content=\"summary_large_image\" \/>\n<meta name=\"twitter:label1\" content=\"Szacowany czas czytania\" \/>\n\t<meta name=\"twitter:data1\" content=\"1 minuta\" \/>\n<script type=\"application\/ld+json\" class=\"yoast-schema-graph\">{\"@context\":\"https:\\\/\\\/schema.org\",\"@graph\":[{\"@type\":\"WebPage\",\"@id\":\"https:\\\/\\\/chelmikowski.it\\\/newsletter\\\/\",\"url\":\"https:\\\/\\\/chelmikowski.it\\\/newsletter\\\/\",\"name\":\"Newsletter - Websites &amp; E-commerce | Poznan | chelmikowski.it\",\"isPartOf\":{\"@id\":\"https:\\\/\\\/chelmikowski.it\\\/#website\"},\"datePublished\":\"2025-01-05T16:50:48+00:00\",\"dateModified\":\"2025-01-05T19:11:09+00:00\",\"breadcrumb\":{\"@id\":\"https:\\\/\\\/chelmikowski.it\\\/newsletter\\\/#breadcrumb\"},\"inLanguage\":\"pl-PL\",\"potentialAction\":[{\"@type\":\"ReadAction\",\"target\":[\"https:\\\/\\\/chelmikowski.it\\\/newsletter\\\/\"]}]},{\"@type\":\"BreadcrumbList\",\"@id\":\"https:\\\/\\\/chelmikowski.it\\\/newsletter\\\/#breadcrumb\",\"itemListElement\":[{\"@type\":\"ListItem\",\"position\":1,\"name\":\"Home\",\"item\":\"https:\\\/\\\/chelmikowski.it\\\/\"},{\"@type\":\"ListItem\",\"position\":2,\"name\":\"Newsletter\"}]},{\"@type\":\"WebSite\",\"@id\":\"https:\\\/\\\/chelmikowski.it\\\/#website\",\"url\":\"https:\\\/\\\/chelmikowski.it\\\/\",\"name\":\"Websites & e-commerce | Poznan | chelmikowski.it\",\"description\":\"\",\"publisher\":{\"@id\":\"https:\\\/\\\/chelmikowski.it\\\/#\\\/schema\\\/person\\\/2a53df481cd9c172ee404277efd2d883\"},\"potentialAction\":[{\"@type\":\"SearchAction\",\"target\":{\"@type\":\"EntryPoint\",\"urlTemplate\":\"https:\\\/\\\/chelmikowski.it\\\/?s={search_term_string}\"},\"query-input\":{\"@type\":\"PropertyValueSpecification\",\"valueRequired\":true,\"valueName\":\"search_term_string\"}}],\"inLanguage\":\"pl-PL\"},{\"@type\":[\"Person\",\"Organization\"],\"@id\":\"https:\\\/\\\/chelmikowski.it\\\/#\\\/schema\\\/person\\\/2a53df481cd9c172ee404277efd2d883\",\"name\":\"chelmikowski.it\",\"image\":{\"@type\":\"ImageObject\",\"inLanguage\":\"pl-PL\",\"@id\":\"https:\\\/\\\/chelmikowski.it\\\/wp-content\\\/uploads\\\/2023\\\/04\\\/chelmikowski-logo-PNG.png\",\"url\":\"https:\\\/\\\/chelmikowski.it\\\/wp-content\\\/uploads\\\/2023\\\/04\\\/chelmikowski-logo-PNG.png\",\"contentUrl\":\"https:\\\/\\\/chelmikowski.it\\\/wp-content\\\/uploads\\\/2023\\\/04\\\/chelmikowski-logo-PNG.png\",\"width\":753,\"height\":91,\"caption\":\"chelmikowski.it\"},\"logo\":{\"@id\":\"https:\\\/\\\/chelmikowski.it\\\/wp-content\\\/uploads\\\/2023\\\/04\\\/chelmikowski-logo-PNG.png\"},\"sameAs\":[\"https:\\\/\\\/chelmikowski.it\",\"https:\\\/\\\/www.instagram.com\\\/chelmikowski.it\\\/\",\"https:\\\/\\\/www.linkedin.com\\\/in\\\/kchelmi\\\/\"]}]}<\/script>\n<!-- \/ Yoast SEO plugin. -->","yoast_head_json":{"title":"Newsletter - Websites &amp; E-commerce | Poznan | chelmikowski.it","robots":{"index":"index","follow":"follow","max-snippet":"max-snippet:-1","max-image-preview":"max-image-preview:large","max-video-preview":"max-video-preview:-1"},"canonical":"https:\/\/chelmikowski.it\/pl\/newsletter\/","og_locale":"pl_PL","og_type":"article","og_title":"Newsletter - Websites &amp; E-commerce | Poznan | chelmikowski.it","og_description":"The only newsletter you need to grow your online business \ud83d\ude80 AI | Technology | Websites Unlock the Digital Knowledge One email per month By clicking &#8220;Subscribe,&#8221; I express my willingness to subscribe to the newsletter to receive marketing information about promotions, discount codes, and the store&#8217;s latest products. I understand that I can withdraw [&hellip;]","og_url":"https:\/\/chelmikowski.it\/pl\/newsletter\/","og_site_name":"Websites &amp; E-commerce | Poznan | chelmikowski.it","article_modified_time":"2025-01-05T19:11:09+00:00","twitter_card":"summary_large_image","twitter_misc":{"Szacowany czas czytania":"1 minuta"},"schema":{"@context":"https:\/\/schema.org","@graph":[{"@type":"WebPage","@id":"https:\/\/chelmikowski.it\/newsletter\/","url":"https:\/\/chelmikowski.it\/newsletter\/","name":"Newsletter - Websites &amp; E-commerce | Poznan | chelmikowski.it","isPartOf":{"@id":"https:\/\/chelmikowski.it\/#website"},"datePublished":"2025-01-05T16:50:48+00:00","dateModified":"2025-01-05T19:11:09+00:00","breadcrumb":{"@id":"https:\/\/chelmikowski.it\/newsletter\/#breadcrumb"},"inLanguage":"pl-PL","potentialAction":[{"@type":"ReadAction","target":["https:\/\/chelmikowski.it\/newsletter\/"]}]},{"@type":"BreadcrumbList","@id":"https:\/\/chelmikowski.it\/newsletter\/#breadcrumb","itemListElement":[{"@type":"ListItem","position":1,"name":"Home","item":"https:\/\/chelmikowski.it\/"},{"@type":"ListItem","position":2,"name":"Newsletter"}]},{"@type":"WebSite","@id":"https:\/\/chelmikowski.it\/#website","url":"https:\/\/chelmikowski.it\/","name":"Websites & e-commerce | Poznan | chelmikowski.it","description":"","publisher":{"@id":"https:\/\/chelmikowski.it\/#\/schema\/person\/2a53df481cd9c172ee404277efd2d883"},"potentialAction":[{"@type":"SearchAction","target":{"@type":"EntryPoint","urlTemplate":"https:\/\/chelmikowski.it\/?s={search_term_string}"},"query-input":{"@type":"PropertyValueSpecification","valueRequired":true,"valueName":"search_term_string"}}],"inLanguage":"pl-PL"},{"@type":["Person","Organization"],"@id":"https:\/\/chelmikowski.it\/#\/schema\/person\/2a53df481cd9c172ee404277efd2d883","name":"chelmikowski.it","image":{"@type":"ImageObject","inLanguage":"pl-PL","@id":"https:\/\/chelmikowski.it\/wp-content\/uploads\/2023\/04\/chelmikowski-logo-PNG.png","url":"https:\/\/chelmikowski.it\/wp-content\/uploads\/2023\/04\/chelmikowski-logo-PNG.png","contentUrl":"https:\/\/chelmikowski.it\/wp-content\/uploads\/2023\/04\/chelmikowski-logo-PNG.png","width":753,"height":91,"caption":"chelmikowski.it"},"logo":{"@id":"https:\/\/chelmikowski.it\/wp-content\/uploads\/2023\/04\/chelmikowski-logo-PNG.png"},"sameAs":["https:\/\/chelmikowski.it","https:\/\/www.instagram.com\/chelmikowski.it\/","https:\/\/www.linkedin.com\/in\/kchelmi\/"]}]}},"_links":{"self":[{"href":"https:\/\/chelmikowski.it\/pl\/wp-json\/wp\/v2\/pages\/6106","targetHints":{"allow":["GET"]}}],"collection":[{"href":"https:\/\/chelmikowski.it\/pl\/wp-json\/wp\/v2\/pages"}],"about":[{"href":"https:\/\/chelmikowski.it\/pl\/wp-json\/wp\/v2\/types\/page"}],"author":[{"embeddable":true,"href":"https:\/\/chelmikowski.it\/pl\/wp-json\/wp\/v2\/users\/1"}],"replies":[{"embeddable":true,"href":"https:\/\/chelmikowski.it\/pl\/wp-json\/wp\/v2\/comments?post=6106"}],"version-history":[{"count":135,"href":"https:\/\/chelmikowski.it\/pl\/wp-json\/wp\/v2\/pages\/6106\/revisions"}],"predecessor-version":[{"id":6252,"href":"https:\/\/chelmikowski.it\/pl\/wp-json\/wp\/v2\/pages\/6106\/revisions\/6252"}],"wp:attachment":[{"href":"https:\/\/chelmikowski.it\/pl\/wp-json\/wp\/v2\/media?parent=6106"}],"curies":[{"name":"wp","href":"https:\/\/api.w.org\/{rel}","templated":true}]}}